{"id":17453,"date":"2019-02-28T07:49:24","date_gmt":"2019-02-28T12:49:24","guid":{"rendered":"https:\/\/staging.montrealeventplanner.ca\/a-propos\/"},"modified":"2023-01-24T21:27:18","modified_gmt":"2023-01-25T02:27:18","slug":"a-propos","status":"publish","type":"page","link":"https:\/\/montrealeventplanner.ca\/fr\/a-propos\/","title":{"rendered":"\u00c0 propos"},"content":{"rendered":"\t\t<div data-elementor-type=\"wp-post\" data-elementor-id=\"17453\" class=\"elementor elementor-17453 elementor-237\">\n\t\t\t\t\t\t<section class=\"elementor-section elementor-top-section elementor-element elementor-element-1341b71 elementor-section-boxed elementor-section-height-default elementor-section-height-default\" data-id=\"1341b71\" data-element_type=\"section\">\n\t\t\t\t\t\t<div class=\"elementor-container elementor-column-gap-default\">\n\t\t\t\t\t<div class=\"elementor-column elementor-col-100 elementor-top-column elementor-element elementor-element-fe93127\" data-id=\"fe93127\" data-element_type=\"column\">\n\t\t\t<div class=\"elementor-widget-wrap elementor-element-populated\">\n\t\t\t\t\t\t<div class=\"elementor-element elementor-element-35fa6ac animated-fast elementor-invisible elementor-widget elementor-widget-heading\" data-id=\"35fa6ac\" data-element_type=\"widget\" data-settings=\"{&quot;_animation&quot;:&quot;opal-move-up&quot;}\" data-widget_type=\"heading.default\">\n\t\t\t\t<div class=\"elementor-widget-container\">\n\t\t\t\t\t<h1 class=\"elementor-heading-title elementor-size-default\">\u00c0 propos<\/h1>\t\t\t\t<\/div>\n\t\t\t\t<\/div>\n\t\t\t\t\t<\/div>\n\t\t<\/div>\n\t\t\t\t\t<\/div>\n\t\t<\/section>\n\t\t\t\t<section class=\"elementor-section elementor-top-section elementor-element elementor-element-2dd90b3 elementor-section-content-middle elementor-section-boxed elementor-section-height-default elementor-section-height-default\" data-id=\"2dd90b3\" data-element_type=\"section\">\n\t\t\t\t\t\t<div class=\"elementor-container elementor-column-gap-default\">\n\t\t\t\t\t<div class=\"elementor-column elementor-col-50 elementor-top-column elementor-element elementor-element-f52efa4\" data-id=\"f52efa4\" data-element_type=\"column\">\n\t\t\t<div class=\"elementor-widget-wrap elementor-element-populated\">\n\t\t\t\t\t\t<div class=\"elementor-element elementor-element-df74d07 elementor-widget elementor-widget-image\" data-id=\"df74d07\" data-element_type=\"widget\" data-widget_type=\"image.default\">\n\t\t\t\t<div class=\"elementor-widget-container\">\n\t\t\t\t\t\t\t\t\t\t\t\t\t\t\t<img fetchpriority=\"high\" decoding=\"async\" width=\"375\" height=\"476\" src=\"https:\/\/montrealeventplanner.ca\/wp-content\/uploads\/2022\/12\/Daniela-Caputo2019-375x476-1.jpg\" class=\"attachment-full size-full wp-image-14210\" alt=\"\" srcset=\"https:\/\/montrealeventplanner.ca\/wp-content\/uploads\/2022\/12\/Daniela-Caputo2019-375x476-1.jpg 375w, https:\/\/montrealeventplanner.ca\/wp-content\/uploads\/2022\/12\/Daniela-Caputo2019-375x476-1-236x300.jpg 236w\" sizes=\"(max-width: 375px) 100vw, 375px\" \/>\t\t\t\t\t\t\t\t\t\t\t\t\t\t\t<\/div>\n\t\t\t\t<\/div>\n\t\t\t\t\t<\/div>\n\t\t<\/div>\n\t\t\t\t<div class=\"elementor-column elementor-col-50 elementor-top-column elementor-element elementor-element-a94d939\" data-id=\"a94d939\" data-element_type=\"column\">\n\t\t\t<div class=\"elementor-widget-wrap elementor-element-populated\">\n\t\t\t\t\t\t<div class=\"elementor-element elementor-element-c2aa10a animated-fast elementor-invisible elementor-widget elementor-widget-text-editor\" data-id=\"c2aa10a\" data-element_type=\"widget\" data-settings=\"{&quot;_animation&quot;:&quot;opal-move-up&quot;}\" data-widget_type=\"text-editor.default\">\n\t\t\t\t<div class=\"elementor-widget-container\">\n\t\t\t\t\t        <div class=\"elementor-text-editor elementor-clearfix\"><p>En ce qui concerne la planification de r\u00e9union \/ \u00e9v\u00e9nement, Montreal Event Planner est la personne-ressource dont vous avez besoin. Cela est d\u00fb non seulement \u00e0 son niveau d&#8217;expertise mais aussi au professionnalisme de son propri\u00e9taire &#8230;<\/p>\n<p>On vous pr\u00e9sente: <strong>Daniela Caputo, Professionnel en gestion de r\u00e9unions et d\u2019\u00e9v\u00e9nements (aussi connu sous le nom d\u2019Eventista)<\/strong><\/p>\n<p><strong>Sa Mission:<\/strong> R\u00e9unir les meilleurs fournisseurs et les talents de l\u2019industrie afin de cr\u00e9er les meilleurs \u00e9v\u00e8nements pour ses clients tout en mettant leurs aspects en \u00e9vidence.<\/p>\n<p><strong>Devise:<\/strong> &#8220;Pourquoi ne pas \u00eatre un invit\u00e9 \u00e0 votre propre \u00e9v\u00e8nement? D\u00e9tendez-vous, nous allons prendre soin de tout pour vous!&#8221;<\/p>\n<p><strong>Moments pr\u00e9f\u00e9r\u00e9s:<\/strong> &#8220;quand, rendu au r\u00e9sultat final je vois la vision de mes clients qui prend vie et que ces derniers ont le visage illumin\u00e9.&#8221;<\/p>\n<\/div>\n        \t\t\t\t<\/div>\n\t\t\t\t<\/div>\n\t\t\t\t\t<\/div>\n\t\t<\/div>\n\t\t\t\t\t<\/div>\n\t\t<\/section>\n\t\t\t\t<section class=\"elementor-section elementor-top-section elementor-element elementor-element-2feca2e elementor-section-stretched animated-fast elementor-section-boxed elementor-section-height-default elementor-section-height-default elementor-invisible\" data-id=\"2feca2e\" data-element_type=\"section\" data-settings=\"{&quot;stretch_section&quot;:&quot;section-stretched&quot;,&quot;background_background&quot;:&quot;classic&quot;,&quot;animation&quot;:&quot;opal-move-up&quot;}\">\n\t\t\t\t\t\t\t<div class=\"elementor-background-overlay\"><\/div>\n\t\t\t\t\t\t\t<div class=\"elementor-container elementor-column-gap-no\">\n\t\t\t\t\t<div class=\"elementor-column elementor-col-100 elementor-top-column elementor-element elementor-element-4cee0d6\" data-id=\"4cee0d6\" data-element_type=\"column\">\n\t\t\t<div class=\"elementor-widget-wrap elementor-element-populated\">\n\t\t\t\t\t\t<div class=\"elementor-element elementor-element-6b6a9c1 animated-fast elementor-invisible elementor-widget elementor-widget-heading\" data-id=\"6b6a9c1\" data-element_type=\"widget\" data-settings=\"{&quot;_animation&quot;:&quot;opal-move-up&quot;}\" data-widget_type=\"heading.default\">\n\t\t\t\t<div class=\"elementor-widget-container\">\n\t\t\t\t\t<h2 class=\"elementor-heading-title elementor-size-default\">\u00c0 propos de Daniela:<\/h2>\t\t\t\t<\/div>\n\t\t\t\t<\/div>\n\t\t\t\t<div class=\"elementor-element elementor-element-67f8a68 animated-fast elementor-invisible elementor-widget elementor-widget-text-editor\" data-id=\"67f8a68\" data-element_type=\"widget\" data-settings=\"{&quot;_animation&quot;:&quot;opal-move-up&quot;}\" data-widget_type=\"text-editor.default\">\n\t\t\t\t<div class=\"elementor-widget-container\">\n\t\t\t\t\t        <div class=\"elementor-text-editor elementor-clearfix\"><p>avec l&#8217;une des carri\u00e8res les plus \u00e9tablie dans l&#8217;industrie de la planification d&#8217;\u00e9v\u00e8nements, Daniela s\u2019est construit une r\u00e9putation unique bas\u00e9e sur le professionnalisme et la polyvalence. Son exp\u00e9rience accrue de gestion de projets corporatifs, de l&#8217;ex\u00e9cution d&#8217;\u00e9v\u00e8nements, de n\u00e9gociations, ainsi que ses propres ressources et contacts donnent \u00e0 ses clients une exp\u00e9rience unique. Ayant un \u0153il pour les plus minimes des d\u00e9tails, ses comp\u00e9tences de r\u00e9seautages impeccables, et sa d\u00e9brouillardise lui donne de l\u2019avance sur sa comp\u00e9tition. Daniela est passion\u00e9e et donne sont 110% \u00e0 ses clients jusqu\u2019\u00e0 la fin et ce en imposant les plus hautes normes de qualit\u00e9 chez ses fournisseurs. M\u00eame qu\u2019elle a de l\u2019exp\u00e9rience d\u2019organiser des \u00e9v\u00e8nements de plusieurs calibres, sa passion est ax\u00e9e sur les conf\u00e9rences corporatives, les programmes d&#8217;encouragement d\u2019entreprises, et les mariages, pour en nommer quelques-uns.<\/p><p>L&#8217;expertise de Daniela est r\u00e9guli\u00e8rement reconnue par ses pairs, avec des nominations, y compris Planificateur de l&#8217;ann\u00e9e \u2013\u2018 Industrie Builder and Mentor\u2019. Elle est une figure recherch\u00e9e dans l&#8217;industrie de Gestion des r\u00e9unions \/ \u00e9v\u00e9nements, et sa perspicacit\u00e9 sur les pratiques et les tendances \u00e0 venir ont \u00e9t\u00e9 pr\u00e9sent\u00e9s dans de nombreux <span style=\"color: #8dc879;\"><a style=\"color: #8dc879;\" href=\"http:\/\/www.montrealeventplanner.ca\/journaux.html\">articles de magazines<\/a><\/span>. Elle croit fermement \u00e0 partager ses connaissance avec l&#8217;\u00e9ducation (elle vit surtout avec ses mots \u00abAspire to Inspire!\u00bb). Elle est une enseignante reconnue dans le Programme de planification de l&#8217;\u00e9v\u00e8nement du <span style=\"color: #8dc879;\"><a style=\"color: #8dc879;\" href=\"http:\/\/www.lasallecollege.com\/programs\/online-event-planning.aspx\" target=\"_blank\" rel=\"noopener\">Coll\u00e8ge Lasalle<\/a><\/span> o\u00f9 elle certifie de futurs planificateurs de mariage \u00e0 <span style=\"color: #8dc879;\"><a style=\"color: #8dc879;\" href=\"http:\/\/wpic.ca\/courses-offered\/certificate-in-wedding-planning-and-coordination\/\" target=\"_blank\" rel=\"noopener\">WPIC<\/a><\/span> (Wedding Planners Institute du Canada).<\/p><\/div>\n        \t\t\t\t<\/div>\n\t\t\t\t<\/div>\n\t\t\t\t\t<\/div>\n\t\t<\/div>\n\t\t\t\t\t<\/div>\n\t\t<\/section>\n\t\t\t\t<section class=\"elementor-section elementor-top-section elementor-element elementor-element-4b5bbca elementor-section-content-middle elementor-section-boxed elementor-section-height-default elementor-section-height-default\" data-id=\"4b5bbca\" data-element_type=\"section\">\n\t\t\t\t\t\t<div class=\"elementor-container elementor-column-gap-default\">\n\t\t\t\t\t<div class=\"elementor-column elementor-col-50 elementor-top-column elementor-element elementor-element-c54c284\" data-id=\"c54c284\" data-element_type=\"column\">\n\t\t\t<div class=\"elementor-widget-wrap elementor-element-populated\">\n\t\t\t\t\t\t<div class=\"elementor-element elementor-element-bae14c6 animated-fast elementor-invisible elementor-widget elementor-widget-text-editor\" data-id=\"bae14c6\" data-element_type=\"widget\" data-settings=\"{&quot;_animation&quot;:&quot;opal-move-up&quot;}\" data-widget_type=\"text-editor.default\">\n\t\t\t\t<div class=\"elementor-widget-container\">\n\t\t\t\t\t        <div class=\"elementor-text-editor elementor-clearfix\"><p>Certains de ses r\u00f4les professionnels comprennent:<\/p>\n<ul>\n<li>Membre du conseil d&#8217;administration pour \u2018Meeting Professionals International\u2019 (MPI) pour le chapitre locale ayant comme r\u00f4le d\u2019organisatrice de r\u00e9union sur le plan international, ayant servi de Directeur d&#8217;alliance strat\u00e9gique, de Directeur d\u2019\u00e9v\u00e8nements sp\u00e9ciaux et Directeur des relations publiques.<\/li>\n<li>Pr\u00e9sidente et juge pour les prix \u2018RISE\u2019 dans le cadre de l&#8217;\u00e9ducation mondiale annuelle des Conf\u00e9rences du MPI (WEC)<\/li>\n<li>Conf\u00e9renci\u00e8re pour La Chambre de Commerce du Montr\u00e9al M\u00e9tropolitain dans le cadre du programme Op\u00e9ration Retour \u00e0 l\u2019\u00e9cole, afin d\u2019encourager les jeunes \u00e0 rester \u00e0 l&#8217;\u00e9cole.<\/li>\n<li>Conf\u00e9renci\u00e8re durant le s\u00e9minaire intensif d\u2019une fin de semaine de planification de mariage chez <a href=\"http:\/\/www.zoomacademie.com\/index.html?loc=\/formation_mariage.html\" target=\"_blank\" rel=\"noopener\">Zoom Academie<\/a>.<\/li>\n<li>Cofondatrice de l&#8217;Association Professionnels des concepteurs de mariages de Montr\u00e9al.<\/li>\n<\/ul>\n<\/div>\n        \t\t\t\t<\/div>\n\t\t\t\t<\/div>\n\t\t\t\t\t<\/div>\n\t\t<\/div>\n\t\t\t\t<div class=\"elementor-column elementor-col-50 elementor-top-column elementor-element elementor-element-3b854a5\" data-id=\"3b854a5\" data-element_type=\"column\">\n\t\t\t<div class=\"elementor-widget-wrap elementor-element-populated\">\n\t\t\t\t\t\t<div class=\"elementor-element elementor-element-79d2932 elementor-widget elementor-widget-video\" data-id=\"79d2932\" data-element_type=\"widget\" data-settings=\"{&quot;youtube_url&quot;:&quot;https:\\\/\\\/youtu.be\\\/2myxDTQ9kJA&quot;,&quot;video_type&quot;:&quot;youtube&quot;,&quot;controls&quot;:&quot;yes&quot;}\" data-widget_type=\"video.default\">\n\t\t\t\t<div class=\"elementor-widget-container\">\n\t\t\t\t\t\t\t<div class=\"elementor-wrapper elementor-open-inline\">\n\t\t\t<div class=\"elementor-video\"><\/div>\t\t<\/div>\n\t\t\t\t\t\t<\/div>\n\t\t\t\t<\/div>\n\t\t\t\t\t<\/div>\n\t\t<\/div>\n\t\t\t\t\t<\/div>\n\t\t<\/section>\n\t\t\t\t<section class=\"elementor-section elementor-top-section elementor-element elementor-element-2236ff0 elementor-section-content-middle elementor-section-boxed elementor-section-height-default elementor-section-height-default\" data-id=\"2236ff0\" data-element_type=\"section\">\n\t\t\t\t\t\t<div class=\"elementor-container elementor-column-gap-default\">\n\t\t\t\t\t<div class=\"elementor-column elementor-col-100 elementor-top-column elementor-element elementor-element-ef1d62c\" data-id=\"ef1d62c\" data-element_type=\"column\">\n\t\t\t<div class=\"elementor-widget-wrap elementor-element-populated\">\n\t\t\t\t\t\t<div class=\"elementor-element elementor-element-9639396 animated-fast elementor-invisible elementor-widget elementor-widget-text-editor\" data-id=\"9639396\" data-element_type=\"widget\" data-settings=\"{&quot;_animation&quot;:&quot;opal-move-up&quot;}\" data-widget_type=\"text-editor.default\">\n\t\t\t\t<div class=\"elementor-widget-container\">\n\t\t\t\t\t        <div class=\"elementor-text-editor elementor-clearfix\"><p>Vous planifiez un \u00e9v\u00e8nement? Ce que vous obtenez avec Montreal Event Planner et Daniela sont les suivants:<br \/>\n<em><strong>L\u2019Exp\u00e9rience:<\/strong><\/em> Daniela a organis\u00e9 plus de 1000 \u00e9v\u00e9nements. Vous pouvez compter sur elle pour pr\u00e9voir les probl\u00e8mes et les d\u00e9fis possibles, et d&#8217;avoir les outils n\u00e9cessaires pour les traiter.<br \/>\n<em><strong>Les exclusivit\u00e9s:<\/strong><\/em> Daniela a toutes les ressources afin de vous garder au courant des derni\u00e8res tendances, ce qui signifie que vous recevrez toutes les id\u00e9es avant-gardes de l&#8217;industrie.<br \/>\n<em><strong>L&#8217;acc\u00e8s aux grands fournisseurs:<\/strong><\/em> d\u00fb \u00e0 ses ann\u00e9es d&#8217;exp\u00e9rience et ses longues ann\u00e9es de r\u00e9seautages, Daniela a construit de belles et solides relations avec les fournisseurs, ainsi elle saura vous connecter avec les meilleurs et les plus brillants de l\u2019industrie.<br \/>\n<em><strong>Son professionnalisme:<\/strong><\/em> Montreal Event Planner a compl\u00e9ter son mandat avec succ\u00e8s seulement si on a pu vous faire briller durant votre \u00e9v\u00e8nement!<br \/>\n<em><strong>La tranquillit\u00e9 d\u2019esprit:<\/strong><\/em> seule Daniela peut prendre soin de tous pour vous afin que vous puissiez profiter de votre \u00e9v\u00e9nement en tant qu&#8217;invit\u00e9.<\/p>\n<\/div>\n        \t\t\t\t<\/div>\n\t\t\t\t<\/div>\n\t\t\t\t\t<\/div>\n\t\t<\/div>\n\t\t\t\t\t<\/div>\n\t\t<\/section>\n\t\t\t\t<section class=\"elementor-section elementor-top-section elementor-element elementor-element-630c814 elementor-section-content-middle elementor-section-boxed elementor-section-height-default elementor-section-height-default\" data-id=\"630c814\" data-element_type=\"section\">\n\t\t\t\t\t\t<div class=\"elementor-container elementor-column-gap-default\">\n\t\t\t\t\t<div class=\"elementor-column elementor-col-100 elementor-top-column elementor-element elementor-element-c40941b\" data-id=\"c40941b\" data-element_type=\"column\">\n\t\t\t<div class=\"elementor-widget-wrap elementor-element-populated\">\n\t\t\t\t\t\t<div class=\"elementor-element elementor-element-ce53f0d animated-fast elementor-invisible elementor-widget elementor-widget-text-editor\" data-id=\"ce53f0d\" data-element_type=\"widget\" data-settings=\"{&quot;_animation&quot;:&quot;opal-move-up&quot;}\" data-widget_type=\"text-editor.default\">\n\t\t\t\t<div class=\"elementor-widget-container\">\n\t\t\t\t\t        <div class=\"elementor-text-editor elementor-clearfix\"><p>Voici quelques mots des clients de Daniela:<\/p>\n<\/div>\n        \t\t\t\t<\/div>\n\t\t\t\t<\/div>\n\t\t\t\t<div class=\"elementor-element elementor-element-4510468 elementor-widget elementor-widget-blockquote\" data-id=\"4510468\" data-element_type=\"widget\" data-widget_type=\"blockquote.default\">\n\t\t\t\t<div class=\"elementor-widget-container\">\n\t\t\t\t\t \t\t\t\t<\/div>\n\t\t\t\t<\/div>\n\t\t\t\t<div class=\"elementor-element elementor-element-ab9dbca elementor-widget elementor-widget-blockquote\" data-id=\"ab9dbca\" data-element_type=\"widget\" data-widget_type=\"blockquote.default\">\n\t\t\t\t<div class=\"elementor-widget-container\">\n\t\t\t\t\t \t\t\t\t<\/div>\n\t\t\t\t<\/div>\n\t\t\t\t<div class=\"elementor-element elementor-element-d71af10 elementor-widget elementor-widget-blockquote\" data-id=\"d71af10\" data-element_type=\"widget\" data-widget_type=\"blockquote.default\">\n\t\t\t\t<div class=\"elementor-widget-container\">\n\t\t\t\t\t \t\t\t\t<\/div>\n\t\t\t\t<\/div>\n\t\t\t\t<div class=\"elementor-element elementor-element-df88f6f elementor-widget elementor-widget-blockquote\" data-id=\"df88f6f\" data-element_type=\"widget\" data-widget_type=\"blockquote.default\">\n\t\t\t\t<div class=\"elementor-widget-container\">\n\t\t\t\t\t \t\t\t\t<\/div>\n\t\t\t\t<\/div>\n\t\t\t\t<div class=\"elementor-element elementor-element-955a7ea elementor-widget elementor-widget-blockquote\" data-id=\"955a7ea\" data-element_type=\"widget\" data-widget_type=\"blockquote.default\">\n\t\t\t\t<div class=\"elementor-widget-container\">\n\t\t\t\t\t \t\t\t\t<\/div>\n\t\t\t\t<\/div>\n\t\t\t\t\t<\/div>\n\t\t<\/div>\n\t\t\t\t\t<\/div>\n\t\t<\/section>\n\t\t\t\t<section class=\"elementor-section elementor-top-section elementor-element elementor-element-794cbff elementor-section-content-middle elementor-section-boxed elementor-section-height-default elementor-section-height-default\" data-id=\"794cbff\" data-element_type=\"section\">\n\t\t\t\t\t\t<div class=\"elementor-container elementor-column-gap-default\">\n\t\t\t\t\t<div class=\"elementor-column elementor-col-100 elementor-top-column elementor-element elementor-element-bc7befb\" data-id=\"bc7befb\" data-element_type=\"column\">\n\t\t\t<div class=\"elementor-widget-wrap elementor-element-populated\">\n\t\t\t\t\t\t<div class=\"elementor-element elementor-element-22add3c animated-fast elementor-invisible elementor-widget elementor-widget-text-editor\" data-id=\"22add3c\" data-element_type=\"widget\" data-settings=\"{&quot;_animation&quot;:&quot;opal-move-up&quot;}\" data-widget_type=\"text-editor.default\">\n\t\t\t\t<div class=\"elementor-widget-container\">\n\t\t\t\t\t        <div class=\"elementor-text-editor elementor-clearfix\"><p>Avec ses connaissances et son leadership, il n\u2019est pas \u00e9tonnant que Daniela de Montr\u00e9al Event Planner soit la seule partenaire dont vous avez besoin durant la planification de votre \u00e9v\u00e8nement.<\/p>\n<p><strong>Si vous vous demandez comment qu\u2019elle est capable de tout le faire, pourquoi ne pas lui demander?<\/strong><\/p>\n<p>Contactez-la ici: Visitez son site Web ou son profil <a href=\"http:\/\/ca.linkedin.com\/in\/danielacaputoeventmanagement\" target=\"_blank\" rel=\"noopener\">LinkedIn<\/a> pour plus d\u2019informations ou pour en savoir plus sur les services suppl\u00e9mentaires offerts.<\/p>\n<\/div>\n        \t\t\t\t<\/div>\n\t\t\t\t<\/div>\n\t\t\t\t\t<\/div>\n\t\t<\/div>\n\t\t\t\t\t<\/div>\n\t\t<\/section>\n\t\t\t\t<section class=\"elementor-section elementor-top-section elementor-element elementor-element-0756138 elementor-section-boxed elementor-section-height-default elementor-section-height-default\" data-id=\"0756138\" data-element_type=\"section\">\n\t\t\t\t\t\t<div class=\"elementor-container elementor-column-gap-default\">\n\t\t\t\t\t<div class=\"elementor-column elementor-col-100 elementor-top-column elementor-element elementor-element-9157996\" data-id=\"9157996\" data-element_type=\"column\">\n\t\t\t<div class=\"elementor-widget-wrap elementor-element-populated\">\n\t\t\t\t\t\t<div class=\"elementor-element elementor-element-178c076 elementor-widget elementor-widget-image\" data-id=\"178c076\" data-element_type=\"widget\" data-widget_type=\"image.default\">\n\t\t\t\t<div class=\"elementor-widget-container\">\n\t\t\t\t\t\t\t\t\t\t\t\t\t\t\t<img decoding=\"async\" width=\"851\" height=\"315\" src=\"https:\/\/montrealeventplanner.ca\/wp-content\/uploads\/2022\/12\/tornado-danie.jpg\" class=\"attachment-full size-full wp-image-14223\" alt=\"\" srcset=\"https:\/\/montrealeventplanner.ca\/wp-content\/uploads\/2022\/12\/tornado-danie.jpg 851w, https:\/\/montrealeventplanner.ca\/wp-content\/uploads\/2022\/12\/tornado-danie-300x111.jpg 300w, https:\/\/montrealeventplanner.ca\/wp-content\/uploads\/2022\/12\/tornado-danie-768x284.jpg 768w, https:\/\/montrealeventplanner.ca\/wp-content\/uploads\/2022\/12\/tornado-danie-400x148.jpg 400w\" sizes=\"(max-width: 851px) 100vw, 851px\" \/>\t\t\t\t\t\t\t\t\t\t\t\t\t\t\t<\/div>\n\t\t\t\t<\/div>\n\t\t\t\t\t<\/div>\n\t\t<\/div>\n\t\t\t\t\t<\/div>\n\t\t<\/section>\n\t\t\t\t<\/div>\n\t\t","protected":false},"excerpt":{"rendered":"<p>\u00c0 propos En ce qui concerne la planification de r\u00e9union \/ \u00e9v\u00e9nement, Montreal Event Planner est la personne-ressource dont vous avez besoin. Cela est d\u00fb non seulement \u00e0 son niveau d&#8217;expertise mais aussi au professionnalisme de son propri\u00e9taire &#8230; On vous pr\u00e9sente: Daniela Caputo, Professionnel en gestion de r\u00e9unions et d\u2019\u00e9v\u00e9nements (aussi connu sous le &hellip; <\/p>\n<p class=\"link-more\"><a href=\"https:\/\/montrealeventplanner.ca\/fr\/a-propos\/\" class=\"more-link\">Read More <span class=\"screen-reader-text\"> &#8220;\u00c0 propos&#8221;<\/span><\/a><\/p>\n","protected":false},"author":1,"featured_media":0,"parent":0,"menu_order":0,"comment_status":"closed","ping_status":"closed","template":"page-elementor.php","meta":{"inline_featured_image":false,"footnotes":""},"class_list":["post-17453","page","type-page","status-publish","hentry"],"_links":{"self":[{"href":"https:\/\/montrealeventplanner.ca\/fr\/wp-json\/wp\/v2\/pages\/17453","targetHints":{"allow":["GET"]}}],"collection":[{"href":"https:\/\/montrealeventplanner.ca\/fr\/wp-json\/wp\/v2\/pages"}],"about":[{"href":"https:\/\/montrealeventplanner.ca\/fr\/wp-json\/wp\/v2\/types\/page"}],"author":[{"embeddable":true,"href":"https:\/\/montrealeventplanner.ca\/fr\/wp-json\/wp\/v2\/users\/1"}],"replies":[{"embeddable":true,"href":"https:\/\/montrealeventplanner.ca\/fr\/wp-json\/wp\/v2\/comments?post=17453"}],"version-history":[{"count":13,"href":"https:\/\/montrealeventplanner.ca\/fr\/wp-json\/wp\/v2\/pages\/17453\/revisions"}],"predecessor-version":[{"id":17718,"href":"https:\/\/montrealeventplanner.ca\/fr\/wp-json\/wp\/v2\/pages\/17453\/revisions\/17718"}],"wp:attachment":[{"href":"https:\/\/montrealeventplanner.ca\/fr\/wp-json\/wp\/v2\/media?parent=17453"}],"curies":[{"name":"wp","href":"https:\/\/api.w.org\/{rel}","templated":true}]}}