{"id":17455,"date":"2022-12-12T10:42:06","date_gmt":"2022-12-12T15:42:06","guid":{"rendered":"https:\/\/staging.montrealeventplanner.ca\/media\/"},"modified":"2022-12-15T15:47:51","modified_gmt":"2022-12-15T20:47:51","slug":"media","status":"publish","type":"page","link":"https:\/\/montrealeventplanner.ca\/fr\/media\/","title":{"rendered":"M\u00e9dia"},"content":{"rendered":"\t\t<div data-elementor-type=\"wp-page\" data-elementor-id=\"17455\" class=\"elementor elementor-17455 elementor-7417\">\n\t\t\t\t\t\t<section class=\"elementor-section elementor-top-section elementor-element elementor-element-378003f elementor-section-boxed elementor-section-height-default elementor-section-height-default\" data-id=\"378003f\" data-element_type=\"section\">\n\t\t\t\t\t\t<div class=\"elementor-container elementor-column-gap-default\">\n\t\t\t\t\t<div class=\"elementor-column elementor-col-100 elementor-top-column elementor-element elementor-element-ba4bc3f\" data-id=\"ba4bc3f\" data-element_type=\"column\">\n\t\t\t<div class=\"elementor-widget-wrap elementor-element-populated\">\n\t\t\t\t\t\t<div class=\"elementor-element elementor-element-a5503c5 animated-fast elementor-invisible elementor-widget elementor-widget-heading\" data-id=\"a5503c5\" data-element_type=\"widget\" data-settings=\"{&quot;_animation&quot;:&quot;opal-move-up&quot;}\" data-widget_type=\"heading.default\">\n\t\t\t\t<div class=\"elementor-widget-container\">\n\t\t\t\t\t<h1 class=\"elementor-heading-title elementor-size-default\">M\u00e9dia<\/h1>\t\t\t\t<\/div>\n\t\t\t\t<\/div>\n\t\t\t\t\t<\/div>\n\t\t<\/div>\n\t\t\t\t\t<\/div>\n\t\t<\/section>\n\t\t\t\t<section class=\"elementor-section elementor-top-section elementor-element elementor-element-f9f847c elementor-section-boxed elementor-section-height-default elementor-section-height-default\" data-id=\"f9f847c\" data-element_type=\"section\" data-settings=\"{&quot;background_background&quot;:&quot;classic&quot;}\">\n\t\t\t\t\t\t<div class=\"elementor-container elementor-column-gap-default\">\n\t\t\t\t\t<div class=\"elementor-column elementor-col-33 elementor-top-column elementor-element elementor-element-8cde33a\" data-id=\"8cde33a\" data-element_type=\"column\">\n\t\t\t<div class=\"elementor-widget-wrap elementor-element-populated\">\n\t\t\t\t\t\t<div class=\"elementor-element elementor-element-f10fe03 elementor-widget elementor-widget-image\" data-id=\"f10fe03\" data-element_type=\"widget\" data-widget_type=\"image.default\">\n\t\t\t\t<div class=\"elementor-widget-container\">\n\t\t\t\t\t\t\t\t\t\t\t\t\t\t\t<img fetchpriority=\"high\" decoding=\"async\" width=\"300\" height=\"313\" src=\"https:\/\/montrealeventplanner.ca\/wp-content\/uploads\/2022\/12\/newsmagazines.jpg\" class=\"attachment-full size-full wp-image-14224\" alt=\"\" srcset=\"https:\/\/montrealeventplanner.ca\/wp-content\/uploads\/2022\/12\/newsmagazines.jpg 300w, https:\/\/montrealeventplanner.ca\/wp-content\/uploads\/2022\/12\/newsmagazines-288x300.jpg 288w\" sizes=\"(max-width: 300px) 100vw, 300px\" \/>\t\t\t\t\t\t\t\t\t\t\t\t\t\t\t<\/div>\n\t\t\t\t<\/div>\n\t\t\t\t<div class=\"elementor-element elementor-element-0fe7ada elementor-widget elementor-widget-heading\" data-id=\"0fe7ada\" data-element_type=\"widget\" data-widget_type=\"heading.default\">\n\t\t\t\t<div class=\"elementor-widget-container\">\n\t\t\t\t\t<h3 class=\"elementor-heading-title elementor-size-default\">Journaux & Revues<\/h3>\t\t\t\t<\/div>\n\t\t\t\t<\/div>\n\t\t\t\t\t<\/div>\n\t\t<\/div>\n\t\t\t\t<div class=\"elementor-column elementor-col-33 elementor-top-column elementor-element elementor-element-de83a58\" data-id=\"de83a58\" data-element_type=\"column\">\n\t\t\t<div class=\"elementor-widget-wrap elementor-element-populated\">\n\t\t\t\t\t\t<div class=\"elementor-element elementor-element-eac8f57 elementor-widget elementor-widget-image\" data-id=\"eac8f57\" data-element_type=\"widget\" data-widget_type=\"image.default\">\n\t\t\t\t<div class=\"elementor-widget-container\">\n\t\t\t\t\t\t\t\t\t\t\t\t\t\t\t<img decoding=\"async\" width=\"300\" height=\"313\" src=\"https:\/\/montrealeventplanner.ca\/wp-content\/uploads\/2022\/12\/tvradio.jpg\" class=\"attachment-full size-full wp-image-14225\" alt=\"\" srcset=\"https:\/\/montrealeventplanner.ca\/wp-content\/uploads\/2022\/12\/tvradio.jpg 300w, https:\/\/montrealeventplanner.ca\/wp-content\/uploads\/2022\/12\/tvradio-288x300.jpg 288w\" sizes=\"(max-width: 300px) 100vw, 300px\" \/>\t\t\t\t\t\t\t\t\t\t\t\t\t\t\t<\/div>\n\t\t\t\t<\/div>\n\t\t\t\t<div class=\"elementor-element elementor-element-c05c3e9 elementor-widget elementor-widget-heading\" data-id=\"c05c3e9\" data-element_type=\"widget\" data-widget_type=\"heading.default\">\n\t\t\t\t<div class=\"elementor-widget-container\">\n\t\t\t\t\t<h3 class=\"elementor-heading-title elementor-size-default\">T\u00e9l\u00e9 & Radio<\/h3>\t\t\t\t<\/div>\n\t\t\t\t<\/div>\n\t\t\t\t\t<\/div>\n\t\t<\/div>\n\t\t\t\t<div class=\"elementor-column elementor-col-33 elementor-top-column elementor-element elementor-element-a083cc9\" data-id=\"a083cc9\" data-element_type=\"column\">\n\t\t\t<div class=\"elementor-widget-wrap elementor-element-populated\">\n\t\t\t\t\t\t<div class=\"elementor-element elementor-element-f94459e elementor-widget elementor-widget-image\" data-id=\"f94459e\" data-element_type=\"widget\" data-widget_type=\"image.default\">\n\t\t\t\t<div class=\"elementor-widget-container\">\n\t\t\t\t\t\t\t\t\t\t\t\t\t\t\t<img decoding=\"async\" width=\"300\" height=\"313\" src=\"https:\/\/montrealeventplanner.ca\/wp-content\/uploads\/2022\/12\/community2.jpg\" class=\"attachment-full size-full wp-image-14226\" alt=\"\" srcset=\"https:\/\/montrealeventplanner.ca\/wp-content\/uploads\/2022\/12\/community2.jpg 300w, https:\/\/montrealeventplanner.ca\/wp-content\/uploads\/2022\/12\/community2-288x300.jpg 288w\" sizes=\"(max-width: 300px) 100vw, 300px\" \/>\t\t\t\t\t\t\t\t\t\t\t\t\t\t\t<\/div>\n\t\t\t\t<\/div>\n\t\t\t\t<div class=\"elementor-element elementor-element-b0bf442 elementor-widget elementor-widget-heading\" data-id=\"b0bf442\" data-element_type=\"widget\" data-widget_type=\"heading.default\">\n\t\t\t\t<div class=\"elementor-widget-container\">\n\t\t\t\t\t<h3 class=\"elementor-heading-title elementor-size-default\">Communaut\u00e9<\/h3>\t\t\t\t<\/div>\n\t\t\t\t<\/div>\n\t\t\t\t\t<\/div>\n\t\t<\/div>\n\t\t\t\t\t<\/div>\n\t\t<\/section>\n\t\t\t\t<\/div>\n\t\t","protected":false},"excerpt":{"rendered":"<p>M\u00e9dia Journaux &amp; Revues T\u00e9l\u00e9 &amp; Radio Communaut\u00e9<\/p>\n","protected":false},"author":2,"featured_media":0,"parent":0,"menu_order":0,"comment_status":"closed","ping_status":"closed","template":"","meta":{"inline_featured_image":false,"footnotes":""},"class_list":["post-17455","page","type-page","status-publish","hentry"],"_links":{"self":[{"href":"https:\/\/montrealeventplanner.ca\/fr\/wp-json\/wp\/v2\/pages\/17455","targetHints":{"allow":["GET"]}}],"collection":[{"href":"https:\/\/montrealeventplanner.ca\/fr\/wp-json\/wp\/v2\/pages"}],"about":[{"href":"https:\/\/montrealeventplanner.ca\/fr\/wp-json\/wp\/v2\/types\/page"}],"author":[{"embeddable":true,"href":"https:\/\/montrealeventplanner.ca\/fr\/wp-json\/wp\/v2\/users\/2"}],"replies":[{"embeddable":true,"href":"https:\/\/montrealeventplanner.ca\/fr\/wp-json\/wp\/v2\/comments?post=17455"}],"version-history":[{"count":3,"href":"https:\/\/montrealeventplanner.ca\/fr\/wp-json\/wp\/v2\/pages\/17455\/revisions"}],"predecessor-version":[{"id":17536,"href":"https:\/\/montrealeventplanner.ca\/fr\/wp-json\/wp\/v2\/pages\/17455\/revisions\/17536"}],"wp:attachment":[{"href":"https:\/\/montrealeventplanner.ca\/fr\/wp-json\/wp\/v2\/media?parent=17455"}],"curies":[{"name":"wp","href":"https:\/\/api.w.org\/{rel}","templated":true}]}}