{"id":17457,"date":"2019-03-07T06:46:21","date_gmt":"2019-03-07T11:46:21","guid":{"rendered":"https:\/\/staging.montrealeventplanner.ca\/pour-nous-rejoindre\/"},"modified":"2023-01-25T10:40:22","modified_gmt":"2023-01-25T15:40:22","slug":"pour-nous-rejoindre","status":"publish","type":"page","link":"https:\/\/montrealeventplanner.ca\/fr\/pour-nous-rejoindre\/","title":{"rendered":"Pour nous rejoindre"},"content":{"rendered":"\t\t<div data-elementor-type=\"wp-post\" data-elementor-id=\"17457\" class=\"elementor elementor-17457 elementor-2532\">\n\t\t\t\t\t\t<section class=\"elementor-section elementor-top-section elementor-element elementor-element-1042b1e elementor-section-boxed elementor-section-height-default elementor-section-height-default\" data-id=\"1042b1e\" data-element_type=\"section\">\n\t\t\t\t\t\t<div class=\"elementor-container elementor-column-gap-no\">\n\t\t\t\t\t<div class=\"elementor-column elementor-col-100 elementor-top-column elementor-element elementor-element-61ed846\" data-id=\"61ed846\" data-element_type=\"column\">\n\t\t\t<div class=\"elementor-widget-wrap elementor-element-populated\">\n\t\t\t\t\t\t<div class=\"elementor-element elementor-element-120a9bb animated-fast elementor-invisible elementor-widget elementor-widget-heading\" data-id=\"120a9bb\" data-element_type=\"widget\" data-settings=\"{&quot;_animation&quot;:&quot;opal-move-up&quot;}\" data-widget_type=\"heading.default\">\n\t\t\t\t<div class=\"elementor-widget-container\">\n\t\t\t\t\t<h2 class=\"elementor-heading-title elementor-size-default\">Pour nous rejoindre<\/h2>\t\t\t\t<\/div>\n\t\t\t\t<\/div>\n\t\t\t\t<div class=\"elementor-element elementor-element-7b9a496 animated-fast elementor-invisible elementor-widget elementor-widget-text-editor\" data-id=\"7b9a496\" data-element_type=\"widget\" data-settings=\"{&quot;_animation&quot;:&quot;opal-move-up&quot;}\" data-widget_type=\"text-editor.default\">\n\t\t\t\t<div class=\"elementor-widget-container\">\n\t\t\t\t\t        <div class=\"elementor-text-editor elementor-clearfix\"><p><span style=\"color: #800000; font-family: Modern No. 20;\">Nous avons des\u00a0solutions!<\/span><\/p>\n<\/div>\n        \t\t\t\t<\/div>\n\t\t\t\t<\/div>\n\t\t\t\t<section class=\"elementor-section elementor-inner-section elementor-element elementor-element-9e7d7d3 elementor-section-boxed elementor-section-height-default elementor-section-height-default\" data-id=\"9e7d7d3\" data-element_type=\"section\">\n\t\t\t\t\t\t<div class=\"elementor-container elementor-column-gap-no\">\n\t\t\t\t\t<div class=\"elementor-column elementor-col-50 elementor-inner-column elementor-element elementor-element-7abec47 animated-fast elementor-invisible\" data-id=\"7abec47\" data-element_type=\"column\" data-settings=\"{&quot;animation&quot;:&quot;opal-move-up&quot;}\">\n\t\t\t<div class=\"elementor-widget-wrap elementor-element-populated\">\n\t\t\t\t\t\t<div class=\"elementor-element elementor-element-44be0fb elementor-widget elementor-widget-form\" data-id=\"44be0fb\" data-element_type=\"widget\" data-widget_type=\"form.default\">\n\t\t\t\t<div class=\"elementor-widget-container\">\n\t\t\t\t\t \t\t\t\t<\/div>\n\t\t\t\t<\/div>\n\t\t\t\t\t<\/div>\n\t\t<\/div>\n\t\t\t\t<div class=\"elementor-column elementor-col-50 elementor-inner-column elementor-element elementor-element-a6245f1 animated-fast elementor-invisible\" data-id=\"a6245f1\" data-element_type=\"column\" data-settings=\"{&quot;animation&quot;:&quot;opal-move-up&quot;,&quot;animation_delay&quot;:200}\">\n\t\t\t<div class=\"elementor-widget-wrap elementor-element-populated\">\n\t\t\t\t\t\t<div class=\"elementor-element elementor-element-20ebc9f animated-fast elementor-invisible elementor-widget elementor-widget-heading\" data-id=\"20ebc9f\" data-element_type=\"widget\" data-settings=\"{&quot;_animation&quot;:&quot;opal-move-up&quot;}\" data-widget_type=\"heading.default\">\n\t\t\t\t<div class=\"elementor-widget-container\">\n\t\t\t\t\t<h2 class=\"elementor-heading-title elementor-size-default\">Daniela Caputo Gestion d'\u00e9v\u00e9nements<\/h2>\t\t\t\t<\/div>\n\t\t\t\t<\/div>\n\t\t\t\t<div class=\"elementor-element elementor-element-8498240 elementor-widget elementor-widget-text-editor\" data-id=\"8498240\" data-element_type=\"widget\" data-widget_type=\"text-editor.default\">\n\t\t\t\t<div class=\"elementor-widget-container\">\n\t\t\t\t\t        <div class=\"elementor-text-editor elementor-clearfix\"><p>Montr\u00e9al<br \/>\n<a href=\"mailto:info@montrealeventplanner.ca\">info@montrealeventplanner.ca<\/a><br \/>\n<a href=\"tel:514-212-5549\">(514) 212-5549<\/a><\/p>\n<\/div>\n        \t\t\t\t<\/div>\n\t\t\t\t<\/div>\n\t\t\t\t\t<\/div>\n\t\t<\/div>\n\t\t\t\t\t<\/div>\n\t\t<\/section>\n\t\t\t\t\t<\/div>\n\t\t<\/div>\n\t\t\t\t\t<\/div>\n\t\t<\/section>\n\t\t\t\t<\/div>\n\t\t","protected":false},"excerpt":{"rendered":"<p>Pour nous rejoindre Nous avons des\u00a0solutions! Daniela Caputo Gestion d&#8217;\u00e9v\u00e9nements Montr\u00e9al info@montrealeventplanner.ca (514) 212-5549<\/p>\n","protected":false},"author":1,"featured_media":0,"parent":0,"menu_order":0,"comment_status":"closed","ping_status":"closed","template":"page-elementor.php","meta":{"inline_featured_image":false,"footnotes":""},"class_list":["post-17457","page","type-page","status-publish","hentry"],"_links":{"self":[{"href":"https:\/\/montrealeventplanner.ca\/fr\/wp-json\/wp\/v2\/pages\/17457","targetHints":{"allow":["GET"]}}],"collection":[{"href":"https:\/\/montrealeventplanner.ca\/fr\/wp-json\/wp\/v2\/pages"}],"about":[{"href":"https:\/\/montrealeventplanner.ca\/fr\/wp-json\/wp\/v2\/types\/page"}],"author":[{"embeddable":true,"href":"https:\/\/montrealeventplanner.ca\/fr\/wp-json\/wp\/v2\/users\/1"}],"replies":[{"embeddable":true,"href":"https:\/\/montrealeventplanner.ca\/fr\/wp-json\/wp\/v2\/comments?post=17457"}],"version-history":[{"count":15,"href":"https:\/\/montrealeventplanner.ca\/fr\/wp-json\/wp\/v2\/pages\/17457\/revisions"}],"predecessor-version":[{"id":17874,"href":"https:\/\/montrealeventplanner.ca\/fr\/wp-json\/wp\/v2\/pages\/17457\/revisions\/17874"}],"wp:attachment":[{"href":"https:\/\/montrealeventplanner.ca\/fr\/wp-json\/wp\/v2\/media?parent=17457"}],"curies":[{"name":"wp","href":"https:\/\/api.w.org\/{rel}","templated":true}]}}