{"id":18369,"date":"2023-09-26T02:19:34","date_gmt":"2023-09-26T06:19:34","guid":{"rendered":"https:\/\/montrealeventplanner.ca\/politique-des-temoinscookies\/"},"modified":"2023-09-28T04:53:51","modified_gmt":"2023-09-28T08:53:51","slug":"politique-des-temoins","status":"publish","type":"page","link":"https:\/\/montrealeventplanner.ca\/fr\/politique-des-temoins\/","title":{"rendered":"Politique Des T\u00e9moins(Cookies)"},"content":{"rendered":"\t\t<div data-elementor-type=\"wp-page\" data-elementor-id=\"18369\" class=\"elementor elementor-18369 elementor-18350\">\n\t\t\t\t\t\t<section class=\"elementor-section elementor-top-section elementor-element elementor-element-90328a5 elementor-section-boxed elementor-section-height-default elementor-section-height-default\" data-id=\"90328a5\" data-element_type=\"section\">\n\t\t\t\t\t\t<div class=\"elementor-container elementor-column-gap-default\">\n\t\t\t\t\t<div class=\"elementor-column elementor-col-100 elementor-top-column elementor-element elementor-element-425d74a\" data-id=\"425d74a\" data-element_type=\"column\">\n\t\t\t<div class=\"elementor-widget-wrap elementor-element-populated\">\n\t\t\t\t\t\t<div class=\"elementor-element elementor-element-670adb6 elementor-widget elementor-widget-heading\" data-id=\"670adb6\" data-element_type=\"widget\" data-widget_type=\"heading.default\">\n\t\t\t\t<div class=\"elementor-widget-container\">\n\t\t\t\t\t<h1 class=\"elementor-heading-title elementor-size-default\">Politique Des T\u00e9moins(Cookies)<\/h1>\t\t\t\t<\/div>\n\t\t\t\t<\/div>\n\t\t\t\t\t<\/div>\n\t\t<\/div>\n\t\t\t\t\t<\/div>\n\t\t<\/section>\n\t\t\t\t<section class=\"elementor-section elementor-top-section elementor-element elementor-element-3734532 elementor-section-boxed elementor-section-height-default elementor-section-height-default\" data-id=\"3734532\" data-element_type=\"section\">\n\t\t\t\t\t\t<div class=\"elementor-container elementor-column-gap-default\">\n\t\t\t\t\t<div class=\"elementor-column elementor-col-100 elementor-top-column elementor-element elementor-element-798bcb1\" data-id=\"798bcb1\" data-element_type=\"column\">\n\t\t\t<div class=\"elementor-widget-wrap elementor-element-populated\">\n\t\t\t\t\t\t<div class=\"elementor-element elementor-element-8397f94 elementor-widget elementor-widget-html\" data-id=\"8397f94\" data-element_type=\"widget\" data-widget_type=\"html.default\">\n\t\t\t\t<div class=\"elementor-widget-container\">\n\t\t\t\t\t<style>\r\n    a.cky-banner-element {\r\n        padding: 8px 30px;\r\n        background: #F8F9FA;\r\n        color: #858A8F;\r\n        border: 1px solid #DEE2E6;\r\n        box-sizing: border-box;\r\n        border-radius: 2px;\r\n        cursor: pointer;\r\n    }\r\n<\/style>\r\n\r\n<p>\r\n    Date d'entr\u00e9e en vigueur : 22-Sep-2023 <br>\r\n    Derni\u00e8re mise \u00e0 jour : 22-Sep-2023\r\n<\/p>\r\n\r\n&nbsp;\r\n<h5>Qu'est-ce que les cookies ?<\/h5>\r\n<div class=\"cookie-policy-p\"><p>Cette Politique de Cookies explique ce que sont les cookies et comment nous les utilisons, les types de cookies que nous utilisons, c'est-\u00e0-dire les informations que nous collectons \u00e0 l'aide de cookies, comment ces informations sont utilis\u00e9es, et comment g\u00e9rer les param\u00e8tres des cookies.<\/p> <p>Les cookies sont de petits fichiers texte utilis\u00e9s pour stocker de petites informations. Ils sont stock\u00e9s sur votre appareil lorsque le site web est charg\u00e9 dans votre navigateur. Ces cookies nous aident \u00e0 faire fonctionner le site web correctement, \u00e0 le s\u00e9curiser, \u00e0 am\u00e9liorer l'exp\u00e9rience utilisateur, \u00e0 comprendre comment le site web se comporte, et \u00e0 analyser ce qui fonctionne et o\u00f9 des am\u00e9liorations sont n\u00e9cessaires.<\/p><\/div>\r\n\r\n&nbsp;\r\n<h5>Comment utilisons-nous les cookies ?<\/h5>\r\n<div class=\"cookie-policy-p\"><p>Comme la plupart des services en ligne, notre site web utilise des cookies de premi\u00e8re partie et des cookies tiers \u00e0 plusieurs fins. Les cookies de premi\u00e8re partie sont principalement n\u00e9cessaires au bon fonctionnement du site web, et ils ne collectent aucune de vos donn\u00e9es personnelles identifiables.<\/p> <p>Les cookies tiers utilis\u00e9s sur notre site web servent principalement \u00e0 comprendre comment le site web se comporte, comment vous interagissez avec notre site web, \u00e0 garantir la s\u00e9curit\u00e9 de nos services, \u00e0 vous fournir des publicit\u00e9s pertinentes, et dans l'ensemble \u00e0 vous offrir une meilleure exp\u00e9rience utilisateur et \u00e0 acc\u00e9l\u00e9rer vos futures interactions avec notre site web.<\/p><\/div>\r\n\r\n&nbsp;\r\n<h5>Les types de cookies que nous utilisons<\/h5>\r\n\r\n<div class=\"cky-audit-table-element\"><\/div>\r\n\r\n&nbsp;\r\n<h5 style=\"margin-bottom:20px;\">G\u00e9rer les pr\u00e9f\u00e9rences de cookies<\/h5>\r\n\r\n<a class=\"cky-banner-element\">Param\u00e8tres des Cookies<\/a> <br\/>\r\n&nbsp;\r\n<div class=\"cookie-policy-p\"><p>Vous pouvez modifier vos pr\u00e9f\u00e9rences de cookies \u00e0 tout moment en cliquant sur le bouton ci-dessus. Cela vous permettra de r\u00e9examiner la banni\u00e8re de consentement aux cookies et de modifier vos pr\u00e9f\u00e9rences ou de retirer votre consentement imm\u00e9diatement. <\/p> <p>De plus, diff\u00e9rents navigateurs fournissent diff\u00e9rentes m\u00e9thodes pour bloquer et supprimer les cookies utilis\u00e9s par les sites web. Vous pouvez modifier les param\u00e8tres de votre navigateur pour bloquer\/supprimer les cookies. Ci-dessous, vous trouverez des liens vers les documents d'assistance sur la gestion et la suppression des cookies \u00e0 partir des principaux navigateurs web.<\/p> <p>Chrome : <a href=\"https:\/\/support.google.com\/accounts\/answer\/32050\" target=\"_blank\">https:\/\/support.google.com\/accounts\/answer\/32050<\/a><\/p><p>Safari : <a href=\"https:\/\/support.apple.com\/en-in\/guide\/safari\/sfri11471\/mac\" target=\"_blank\">https:\/\/support.apple.com\/en-in\/guide\/safari\/sfri11471\/mac<\/a><\/p><p>Firefox : <a href=\"https:\/\/support.mozilla.org\/en-US\/kb\/clear-cookies-and-site-data-firefox?redirectslug=delete-cookies-remove-info-websites-stored&redirectlocale=en-US\" target=\"_blank\">https:\/\/support.mozilla.org\/en-US\/kb\/clear-cookies-and-site-data-firefox?redirectslug=delete-cookies-remove-info-websites-stored&redirectlocale=en-US<\/a><\/p><p>Internet Explorer : <a href=\"https:\/\/support.microsoft.com\/en-us\/topic\/how-to-delete-cookie-files-in-internet-explorer-bca9446f-d873-78de-77ba-d42645fa52fc\" target=\"_blank\">https:\/\/support.microsoft.com\/en-us\/topic\/how-to-delete-cookie-files-in-internet-explorer-bca9446f-d873-78de-77ba-d42645fa52fc<\/a><\/p><p>Si vous utilisez un autre navigateur web, veuillez consulter les documents d'assistance officiels de votre navigateur.<\/p><\/div>\t\t\t\t<\/div>\n\t\t\t\t<\/div>\n\t\t\t\t\t<\/div>\n\t\t<\/div>\n\t\t\t\t\t<\/div>\n\t\t<\/section>\n\t\t\t\t<\/div>\n\t\t","protected":false},"excerpt":{"rendered":"<p>Politique Des T\u00e9moins(Cookies) Date d&#8217;entr\u00e9e en vigueur : 22-Sep-2023 Derni\u00e8re mise \u00e0 jour : 22-Sep-2023 &nbsp; Qu&#8217;est-ce que les cookies ? Cette Politique de Cookies explique ce que sont les cookies et comment nous les utilisons, les types de cookies que nous utilisons, c&#8217;est-\u00e0-dire les informations que nous collectons \u00e0 l&#8217;aide de cookies, comment ces &hellip; <\/p>\n<p class=\"link-more\"><a href=\"https:\/\/montrealeventplanner.ca\/fr\/politique-des-temoins\/\" class=\"more-link\">Read More <span class=\"screen-reader-text\"> &#8220;Politique Des T\u00e9moins(Cookies)&#8221;<\/span><\/a><\/p>\n","protected":false},"author":1,"featured_media":0,"parent":0,"menu_order":0,"comment_status":"closed","ping_status":"closed","template":"","meta":{"inline_featured_image":false,"footnotes":""},"class_list":["post-18369","page","type-page","status-publish","hentry"],"_links":{"self":[{"href":"https:\/\/montrealeventplanner.ca\/fr\/wp-json\/wp\/v2\/pages\/18369","targetHints":{"allow":["GET"]}}],"collection":[{"href":"https:\/\/montrealeventplanner.ca\/fr\/wp-json\/wp\/v2\/pages"}],"about":[{"href":"https:\/\/montrealeventplanner.ca\/fr\/wp-json\/wp\/v2\/types\/page"}],"author":[{"embeddable":true,"href":"https:\/\/montrealeventplanner.ca\/fr\/wp-json\/wp\/v2\/users\/1"}],"replies":[{"embeddable":true,"href":"https:\/\/montrealeventplanner.ca\/fr\/wp-json\/wp\/v2\/comments?post=18369"}],"version-history":[{"count":7,"href":"https:\/\/montrealeventplanner.ca\/fr\/wp-json\/wp\/v2\/pages\/18369\/revisions"}],"predecessor-version":[{"id":18407,"href":"https:\/\/montrealeventplanner.ca\/fr\/wp-json\/wp\/v2\/pages\/18369\/revisions\/18407"}],"wp:attachment":[{"href":"https:\/\/montrealeventplanner.ca\/fr\/wp-json\/wp\/v2\/media?parent=18369"}],"curies":[{"name":"wp","href":"https:\/\/api.w.org\/{rel}","templated":true}]}}