{"id":18388,"date":"2023-09-28T04:15:34","date_gmt":"2023-09-28T08:15:34","guid":{"rendered":"https:\/\/montrealeventplanner.ca\/politique-de-confidentialite-2\/"},"modified":"2023-09-28T04:51:38","modified_gmt":"2023-09-28T08:51:38","slug":"politique-de-confidentialite","status":"publish","type":"page","link":"https:\/\/montrealeventplanner.ca\/fr\/politique-de-confidentialite\/","title":{"rendered":"Politique de Confidentialit\u00e9"},"content":{"rendered":"\t\t<div data-elementor-type=\"wp-page\" data-elementor-id=\"18388\" class=\"elementor elementor-18388 elementor-18380\">\n\t\t\t\t\t\t<section class=\"elementor-section elementor-top-section elementor-element elementor-element-bea80cd elementor-section-boxed elementor-section-height-default elementor-section-height-default\" data-id=\"bea80cd\" data-element_type=\"section\">\n\t\t\t\t\t\t<div class=\"elementor-container elementor-column-gap-default\">\n\t\t\t\t\t<div class=\"elementor-column elementor-col-100 elementor-top-column elementor-element elementor-element-07273c4\" data-id=\"07273c4\" data-element_type=\"column\">\n\t\t\t<div class=\"elementor-widget-wrap elementor-element-populated\">\n\t\t\t\t\t\t<div class=\"elementor-element elementor-element-b93c9ec elementor-widget elementor-widget-heading\" data-id=\"b93c9ec\" data-element_type=\"widget\" data-widget_type=\"heading.default\">\n\t\t\t\t<div class=\"elementor-widget-container\">\n\t\t\t\t\t<h1 class=\"elementor-heading-title elementor-size-default\">Politique de Confidentialit\u00e9<\/h1>\t\t\t\t<\/div>\n\t\t\t\t<\/div>\n\t\t\t\t\t<\/div>\n\t\t<\/div>\n\t\t\t\t\t<\/div>\n\t\t<\/section>\n\t\t\t\t<section class=\"elementor-section elementor-top-section elementor-element elementor-element-48c7b54 elementor-section-boxed elementor-section-height-default elementor-section-height-default\" data-id=\"48c7b54\" data-element_type=\"section\">\n\t\t\t\t\t\t<div class=\"elementor-container elementor-column-gap-default\">\n\t\t\t\t\t<div class=\"elementor-column elementor-col-100 elementor-top-column elementor-element elementor-element-885a461\" data-id=\"885a461\" data-element_type=\"column\">\n\t\t\t<div class=\"elementor-widget-wrap elementor-element-populated\">\n\t\t\t\t\t\t<div class=\"elementor-element elementor-element-1834eb3 elementor-widget elementor-widget-html\" data-id=\"1834eb3\" data-element_type=\"widget\" data-widget_type=\"html.default\">\n\t\t\t\t<div class=\"elementor-widget-container\">\n\t\t\t\t\t<style>\r\n\t.privacy-policy-h1{  }\r\n\t.privacy-policy-h2{  }\r\n\t.privacy-policy-p{  }\r\n\tul.privacy-policy-ol{ padding-left:0;     list-style-type: none; }\r\n\tspan.reverse{ unicode-bidi: bidi-override;  direction: rtl; }\r\n<\/style>\r\n\r\n<h3 class=\"privacy-policy-h1\">\r\n<span>Derni\u00e8re mise \u00e0 jour le 22-Sep-2023<\/span><br>\r\n<span>Date d'entr\u00e9e en vigueur : 22-Sep-2023<\/span>\r\n<\/h3>\r\n\r\n<p class=\"privacy-policy-p\">\r\n    Cette Politique de confidentialit\u00e9 d\u00e9crit les politiques de\r\n\r\n    Montreal Event Planner (Daniela Caputo Event Management), \r\n    274 Antoine Forestier, Laval, \r\n    Qu\u00e9bec, Canada, \r\n    H7M 6B9. \r\n    \r\n    courriel : <span class=\"reverse\">ac.rennalptnevelaertnom@aleinad<\/span>,\r\n    t\u00e9l\u00e9phone : 514-212-5549\r\n\r\n    concernant la collecte, l'utilisation et la divulgation de vos informations que nous collectons lorsque vous utilisez notre site web (www.montrealeventplanner.ca).\r\n    (le \"Site\"). En acc\u00e9dant ou en utilisant\r\n    le\r\n    Site, vous consentez \u00e0 la collecte, l'utilisation et\r\n    la divulgation de vos informations conform\u00e9ment \u00e0 cette\r\n    Politique de confidentialit\u00e9. Si vous n'acceptez pas les m\u00eames conditions,\r\n    veuillez ne pas acc\u00e9der ou utiliser le Site.\r\n<\/p>\r\n\r\n<p class=\"privacy-policy-p\">\r\n    Nous pouvons modifier cette Politique de confidentialit\u00e9 \u00e0 tout moment sans\r\n    pr\u00e9avis et publierons la Politique r\u00e9vis\u00e9e sur le Site. La Politique r\u00e9vis\u00e9e\r\n    entrera en vigueur 180 jours apr\u00e8s sa publication sur le\r\n    Service, et votre acc\u00e8s continu ou votre utilisation du Site apr\u00e8s cette p\u00e9riode\r\n    constitueront votre acceptation de la Politique de confidentialit\u00e9 r\u00e9vis\u00e9e. Par cons\u00e9quent, nous vous recommandons de consulter p\u00e9riodiquement cette page.\r\n<\/p>\r\n\r\n<ul class=\"privacy-policy-ol\">\r\n\t<br\/>\r\n    <li>\r\n        <h4 class=\"privacy-policy-h2\">\r\n            1. Informations que nous collectons :\r\n        <\/h4>\r\n\r\n        <p class=\"privacy-policy-p\">\r\n            Nous collecterons et traiterons les informations personnelles suivantes vous concernant :\r\n        <\/p>\r\n\t\t\r\n        <ol class=\"privacy-policy-ol\">\r\n\t\t\t<li>Nom et pr\u00e9nom<\/li>            \r\n\t\t\t<li>Courriel<\/li>\r\n\t\t\t<li>T\u00e9l\u00e9phone<\/li>\r\n\t\t\t<li>Adresse<\/li>\r\n        <\/ol>\r\n\r\n    <\/li>\r\n    <br\/>\r\n\t<li>\r\n        <h4 class=\"privacy-policy-h2\">\r\n            2. Comment nous utilisons vos informations :\r\n        <\/h4>\r\n        <p class=\"privacy-policy-p\">\r\n            Nous utiliserons les informations que nous collectons\r\n            vous concernant aux fins suivantes :\r\n        <\/p>\r\n        <ol class=\"privacy-policy-ol\">\r\n\t\t\t<li>Activit\u00e9 de navigation<\/li>\r\n            <li>Marketing \/ Promotion<\/li>\r\n            <li>Cr\u00e9ation de compte utilisateur<\/li>\r\n            <li>Collecte de commentaires clients<\/li>\r\n\t\t\t<li>Gestion des commandes client<\/li>\r\n\t\t\t<li>Protection du site<\/li>\r\n\t\t\t<li>R\u00e9solution des litiges<\/li>\r\n\t\t\t<li>Gestion du compte utilisateur<\/li>\r\n\t\t\t<li>Fournir les renseignements que vous souhaitez obtenir<\/li>\r\n            <li>Traiter ad\u00e9quatement vos demandes<\/li>\r\n            <li>\u00c9tablir et maintenir notre relation d\u2019affaires avec vous<\/li>\r\n            <li>R\u00e9pondre aux exigences de la loi<\/li>\r\n        <\/ol>\r\n        <br\/>\r\n        <p class=\"privacy-policy-p\">\r\n            Si nous souhaitons utiliser vos informations \u00e0 d'autres fins, nous vous demanderons votre consentement et n'utiliserons vos informations que si nous recevons votre\r\n            consentement, et ensuite, uniquement aux fins pour lesquelles vous avez donn\u00e9 votre\r\n            consentement, \u00e0 moins que la loi ne nous oblige \u00e0 faire autrement.\r\n        <\/p>\r\n    <\/li>    \r\n    <br\/>\r\n\t<li>\r\n        <h4 class=\"privacy-policy-h2\">\r\n            3. Conservation de vos informations :\r\n        <\/h4>\r\n        <p class=\"privacy-policy-p\">\r\n            Nous conserverons vos informations personnelles avec nous pendant 90 jours \u00e0 2 ans apr\u00e8s la r\u00e9siliation des comptes d'utilisateurs ou aussi longtemps que nous en avons besoin pour atteindre les objectifs pour lesquels elles ont \u00e9t\u00e9 collect\u00e9es, comme indiqu\u00e9 dans cette Politique de confidentialit\u00e9. Nous pouvons avoir besoin de conserver certaines informations pendant des p\u00e9riodes plus longues, telles que la tenue de dossiers \/ la d\u00e9claration conform\u00e9ment \u00e0 la loi applicable ou pour d'autres raisons l\u00e9gitimes telles que l'application des droits l\u00e9gaux, la pr\u00e9vention de la fraude, etc. Les informations anonymes r\u00e9siduelles et les informations agr\u00e9g\u00e9es, qui ne vous identifient pas(directement ou indirectement), peuvent \u00eatre stock\u00e9es ind\u00e9finiment.\r\n        <\/p>\r\n    <\/li>\r\n    <br\/>\r\n    <li>\r\n        <h4 class=\"privacy-policy-h2\">\r\n            4. Vos droits :\r\n        <\/h4>\r\n        <p class=\"privacy-policy-p\">\r\n            Selon la loi applicable, vous pouvez avoir\r\n            le droit d'acc\u00e9der \u00e0 vos donn\u00e9es personnelles, de les corriger ou de les effacer, de recevoir une copie de vos donn\u00e9es personnelles, de limiter ou de vous opposer au traitement actif de vos donn\u00e9es, de nous demander de partager (porter) vos informations personnelles \u00e0 une autre entit\u00e9, de retirer tout consentement que vous nous avez donn\u00e9 pour traiter vos donn\u00e9es, le droit de porter plainte aupr\u00e8s d'une autorit\u00e9 statutaire, et d'autres droits pertinents en vertu des lois applicables. Pour exercer ces droits, vous pouvez nous \u00e9crire \u00e0\r\n            <span class=\"reverse\">ac.rennalptnevelaertnom@aleinad<\/span>\r\n            Nous r\u00e9pondrons \u00e0 votre demande conform\u00e9ment \u00e0 la loi applicable.\r\n        <\/p>\r\n\r\n        <p class=\"privacy-policy-p\">\r\n            Vous pouvez choisir de ne pas recevoir de communications de marketing direct\r\n            ou du profilage que nous effectuons \u00e0 des fins de\r\n            marketing en nous \u00e9crivant \u00e0\r\n            <span class=\"reverse\">ac.rennalptnevelaertnom@aleinad<\/span>\r\n        <\/p>\r\n        \r\n        <p class=\"privacy-policy-p\">\r\n            Notez que si vous ne nous autorisez pas \u00e0 collecter\r\n            ou \u00e0 traiter les informations personnelles requises ou \u00e0 retirer le consentement de\r\n            traiter les informations personnelles requises \u00e0 des fins requises, vous pourriez ne pas \u00eatre en mesure d'acc\u00e9der\r\n            ou d'utiliser les services pour lesquels vos informations\r\n            \u00e9taient demand\u00e9es.\r\n        <\/p>\r\n    <\/li>\r\n    <br\/>\r\n    <li>\r\n        <h4 class=\"privacy-policy-h2\">\r\n            5. T\u00e9moins (Cookies), etc.\r\n        <\/h4>\r\n        <p class=\"privacy-policy-p\">\r\n            Pour en savoir plus sur la fa\u00e7on dont nous utilisons ces technologies\r\n            et sur vos choix en ce qui concerne ces technologies de suivi, veuillez vous r\u00e9f\u00e9rer \u00e0 notre\r\n            <a href=\"https:\/\/montrealeventplanner.ca\/fr\/politique-des-temoins\/\">Politique de t\u00e9moins.<\/a>\r\n        <\/p>\r\n    <\/li>\r\n    <br\/>\r\n    <li>\r\n        <h4 class=\"privacy-policy-h2\">\r\n            6. S\u00e9curit\u00e9 :\r\n        <\/h4>\r\n        <p class=\"privacy-policy-p\">\r\n            La s\u00e9curit\u00e9 de vos informations est importante pour\r\n            nous, et nous utiliserons des mesures de s\u00e9curit\u00e9 raisonnables\r\n            pour \u00e9viter la perte, l'utilisation abusive ou la modification non autoris\u00e9e de vos informations sous notre\r\n            contr\u00f4le. Cependant, \u00e9tant donn\u00e9 les risques inh\u00e9rents, nous ne pouvons pas garantir une s\u00e9curit\u00e9 absolue et,\r\n            par cons\u00e9quent, nous ne pouvons pas assurer ou garantir la s\u00e9curit\u00e9 de toutes les informations que vous nous\r\n            transmettez,\r\n            et vous le faites \u00e0 vos propres risques.\r\n        <\/p>\r\n    <\/li>\r\n    <br\/>\r\n    <li>\r\n        <h4 class=\"privacy-policy-h2\">\r\n            7. R\u00e9clamation \/ D\u00e9l\u00e9gu\u00e9 \u00e0 la protection des donn\u00e9es :\r\n        <\/h4>\r\n        <p class=\"privacy-policy-p\">\r\n            Si vous avez des questions ou des pr\u00e9occupations concernant le\r\n            traitement de vos informations qui sont disponibles\r\n            chez nous, vous pouvez envoyer un courriel \u00e0 notre personne d\u00e9sign\u00e9e responsable des renseignements personnels:<br\/> Daniela Caputo chez\r\n            Montreal Event Planner (Daniela Caputo Event Management),\r\n            <br\/>\r\n            Courriel : <span class=\"reverse\">ac.rennalptnevelaertnom@aleinad<\/span>\r\n            <br\/>\r\n            Nous traiterons vos pr\u00e9occupations conform\u00e9ment \u00e0 la loi applicable.\r\n        <\/p>\r\n    <\/li>\r\n    <br\/>\r\n\t<li>\r\n        <h4 class=\"privacy-policy-h2\">\r\n            8. Services et sites Web tiers\r\n        <\/h4>\r\n\t\t<p class=\"privacy-policy-p\">\r\n\t\t\tLa pr\u00e9sente Politique s\u2019applique uniquement \u00e0 notre Site, et ne s\u2019\u00e9tend pas aux sites web, produits ou services fournis par des tiers. Nous n\u2019assumons aucune responsabilit\u00e9 pour les pratiques de protection des Renseignements personnels de ces tiers..\r\n\r\n\t\t\tLorsque vous cliquez sur un lien et que vous quittez le site Web Montreal Event Planner (Daniela Caputo Event Management), les renseignements \u00e9chang\u00e9s \u00e0 partir de ce moment-l\u00e0 ne sont plus assujettis \u00e0 la politique de protection des renseignements personnels de Montreal Event Planner (Daniela Caputo Event Management), mais \u00e0 celles du site priv\u00e9 de redirection. Nous vous invitons, par mesure de prudence, \u00e0 lire la politique de confidentialit\u00e9 du site en question.\r\n\t\t<\/p>\r\n\t<\/li>\r\n\t<br\/>\r\n\t<li>\r\n        <h4 class=\"privacy-policy-h2\">\r\n            9. H\u00e9bergement et stockage\r\n        <\/h4>\r\n\t\t<p class=\"privacy-policy-p\">\r\n\t\t\tVos Renseignements personnels sont h\u00e9berg\u00e9s pr\u00e9sentement au Qu\u00e9bec (Canada), mais \u00e9galement aux \u00c9tats-Unis aupr\u00e8s de fournisseurs de service. Vos Renseignements personnels h\u00e9berg\u00e9s aux \u00c9tats-Unis sont assujettis \u00e0 des r\u00e8gles de protection des Renseignements personnels diff\u00e9rentes, puisque soumises aux lois applicables localement et peuvent faire l\u2019objet d\u2019une divulgation aux gouvernements, aux tribunaux ou aux organismes d\u2019application de la loi ou de r\u00e9glementation de cet autre pays, conform\u00e9ment aux lois en vigueur dans celui-ci. Cependant, nos pratiques concernant vos Renseignements personnels continueront \u00e0 tout moment d\u2019\u00eatre r\u00e9gies par la pr\u00e9sente politique de confidentialit\u00e9.\r\n\t\t<\/p>\r\n\t<\/li>\r\n\t<br\/>\r\n\t<li>\r\n        <h4 class=\"privacy-policy-h2\">\r\n            10. Renseignements personnels de personnes mineures\r\n        <\/h4>\r\n\t\t<p class=\"privacy-policy-p\">\r\n\t\t\tNous ne recueillons pas sciemment de Renseignements personnels sur des personnes \u00e2g\u00e9es de moins de 18 ans. Si vous avez moins de 18 ans, vous ne devez pas nous fournir vos Renseignements personnels sans le consentement de votre parent ou tuteur. Si vous \u00eates un parent ou un tuteur et que vous d\u00e9couvrez que votre enfant de moins de 18 ans a fourni des Renseignements personnels sans consentement, vous pouvez nous pr\u00e9venir en utilisant les coordonn\u00e9es de la section \u00ab Nous joindre \u00bb ci-dessous et demander que nous supprimions les Renseignements personnels de cet enfant de nos syst\u00e8mes.\r\n\t\t<\/p>\r\n\t<\/li>\r\n<\/ul>\t\t\t\t<\/div>\n\t\t\t\t<\/div>\n\t\t\t\t\t<\/div>\n\t\t<\/div>\n\t\t\t\t\t<\/div>\n\t\t<\/section>\n\t\t\t\t<\/div>\n\t\t","protected":false},"excerpt":{"rendered":"<p>Politique de Confidentialit\u00e9 Derni\u00e8re mise \u00e0 jour le 22-Sep-2023 Date d&#8217;entr\u00e9e en vigueur : 22-Sep-2023 Cette Politique de confidentialit\u00e9 d\u00e9crit les politiques de Montreal Event Planner (Daniela Caputo Event Management), 274 Antoine Forestier, Laval, Qu\u00e9bec, Canada, H7M 6B9. courriel : ac.rennalptnevelaertnom@aleinad, t\u00e9l\u00e9phone : 514-212-5549 concernant la collecte, l&#8217;utilisation et la divulgation de vos informations que &hellip; <\/p>\n<p class=\"link-more\"><a href=\"https:\/\/montrealeventplanner.ca\/fr\/politique-de-confidentialite\/\" class=\"more-link\">Read More <span class=\"screen-reader-text\"> &#8220;Politique de Confidentialit\u00e9&#8221;<\/span><\/a><\/p>\n","protected":false},"author":1,"featured_media":0,"parent":0,"menu_order":0,"comment_status":"closed","ping_status":"closed","template":"","meta":{"inline_featured_image":false,"footnotes":""},"class_list":["post-18388","page","type-page","status-publish","hentry"],"_links":{"self":[{"href":"https:\/\/montrealeventplanner.ca\/fr\/wp-json\/wp\/v2\/pages\/18388","targetHints":{"allow":["GET"]}}],"collection":[{"href":"https:\/\/montrealeventplanner.ca\/fr\/wp-json\/wp\/v2\/pages"}],"about":[{"href":"https:\/\/montrealeventplanner.ca\/fr\/wp-json\/wp\/v2\/types\/page"}],"author":[{"embeddable":true,"href":"https:\/\/montrealeventplanner.ca\/fr\/wp-json\/wp\/v2\/users\/1"}],"replies":[{"embeddable":true,"href":"https:\/\/montrealeventplanner.ca\/fr\/wp-json\/wp\/v2\/comments?post=18388"}],"version-history":[{"count":4,"href":"https:\/\/montrealeventplanner.ca\/fr\/wp-json\/wp\/v2\/pages\/18388\/revisions"}],"predecessor-version":[{"id":18402,"href":"https:\/\/montrealeventplanner.ca\/fr\/wp-json\/wp\/v2\/pages\/18388\/revisions\/18402"}],"wp:attachment":[{"href":"https:\/\/montrealeventplanner.ca\/fr\/wp-json\/wp\/v2\/media?parent=18388"}],"curies":[{"name":"wp","href":"https:\/\/api.w.org\/{rel}","templated":true}]}}